{"id":1398,"date":"2021-03-25T13:25:33","date_gmt":"2021-03-25T13:25:33","guid":{"rendered":"https:\/\/renepape.com\/?page_id=1398"},"modified":"2021-03-25T16:47:29","modified_gmt":"2021-03-25T16:47:29","slug":"antonin-dvoraks-biblical-songs","status":"publish","type":"page","link":"https:\/\/renepape.com\/de\/antonin-dvoraks-biblical-songs\/","title":{"rendered":"Anton\u00edn Dvo\u0159\u00e1k\u2019s Biblical Songs"},"content":{"rendered":"","protected":false},"excerpt":{"rendered":"","protected":false},"author":2,"featured_media":1399,"parent":0,"menu_order":0,"comment_status":"closed","ping_status":"closed","template":"page-idagio-stream.php","meta":{"footnotes":""},"class_list":["post-1398","page","type-page","status-publish","has-post-thumbnail","hentry"],"acf":[],"_links":{"self":[{"href":"https:\/\/renepape.com\/de\/wp-json\/wp\/v2\/pages\/1398","targetHints":{"allow":["GET"]}}],"collection":[{"href":"https:\/\/renepape.com\/de\/wp-json\/wp\/v2\/pages"}],"about":[{"href":"https:\/\/renepape.com\/de\/wp-json\/wp\/v2\/types\/page"}],"author":[{"embeddable":true,"href":"https:\/\/renepape.com\/de\/wp-json\/wp\/v2\/users\/2"}],"replies":[{"embeddable":true,"href":"https:\/\/renepape.com\/de\/wp-json\/wp\/v2\/comments?post=1398"}],"version-history":[{"count":0,"href":"https:\/\/renepape.com\/de\/wp-json\/wp\/v2\/pages\/1398\/revisions"}],"wp:featuredmedia":[{"embeddable":true,"href":"https:\/\/renepape.com\/de\/wp-json\/wp\/v2\/media\/1399"}],"wp:attachment":[{"href":"https:\/\/renepape.com\/de\/wp-json\/wp\/v2\/media?parent=1398"}],"curies":[{"name":"wp","href":"https:\/\/api.w.org\/{rel}","templated":true}]}}